{"id":11,"date":"2023-11-06T11:10:57","date_gmt":"2023-11-06T10:10:57","guid":{"rendered":"https:\/\/www.indalmarkt.de\/?page_id=11"},"modified":"2023-11-08T13:51:49","modified_gmt":"2023-11-08T12:51:49","slug":"indalmarkt-gmbh","status":"publish","type":"page","link":"https:\/\/www.indalmarkt.de\/en\/","title":{"rendered":"Home"},"content":{"rendered":"<div class=\"wp-block-cover alignfull\" style=\"padding-top:0;padding-right:0;padding-bottom:0;padding-left:0;min-height:600px;aspect-ratio:unset;\"><span aria-hidden=\"true\" class=\"wp-block-cover__background has-background-dim-10 has-background-dim\"><\/span><img decoding=\"async\" width=\"2560\" height=\"1707\" class=\"wp-block-cover__image-background wp-image-49\" alt=\"\" src=\"https:\/\/www.indalmarkt.de\/wp-content\/uploads\/2023\/11\/bg_indalmark_02-scaled.jpg\" data-object-fit=\"cover\" srcset=\"https:\/\/www.indalmarkt.de\/wp-content\/uploads\/2023\/11\/bg_indalmark_02-scaled.jpg 2560w, https:\/\/www.indalmarkt.de\/wp-content\/uploads\/2023\/11\/bg_indalmark_02-300x200.jpg 300w, https:\/\/www.indalmarkt.de\/wp-content\/uploads\/2023\/11\/bg_indalmark_02-1024x683.jpg 1024w, https:\/\/www.indalmarkt.de\/wp-content\/uploads\/2023\/11\/bg_indalmark_02-768x512.jpg 768w, https:\/\/www.indalmarkt.de\/wp-content\/uploads\/2023\/11\/bg_indalmark_02-1536x1024.jpg 1536w, https:\/\/www.indalmarkt.de\/wp-content\/uploads\/2023\/11\/bg_indalmark_02-2048x1365.jpg 2048w, https:\/\/www.indalmarkt.de\/wp-content\/uploads\/2023\/11\/bg_indalmark_02-1568x1045.jpg 1568w\" sizes=\"(max-width: 2560px) 100vw, 2560px\" \/><div class=\"wp-block-cover__inner-container is-layout-flow wp-block-cover-is-layout-flow\">\n<div class=\"wp-block-columns alignwide is-layout-flex wp-container-core-columns-is-layout-9d6595d7 wp-block-columns-is-layout-flex\">\n<div class=\"wp-block-column is-layout-flow wp-block-column-is-layout-flow\">\n<p class=\"has-large-font-size\">A warm welcome.<\/p>\n\n\n\n<p class=\"has-huge-font-size\">Ecommerce, B2B &amp; B2C, amazing experience.<\/p>\n<\/div>\n<\/div>\n<\/div><\/div>\n\n\n\n<div style=\"height:100px\" aria-hidden=\"true\" class=\"wp-block-spacer\"><\/div>\n\n\n\n<h2 class=\"wp-block-heading alignwide has-text-align-wide\" style=\"font-size:50px;font-style:normal;font-weight:100;line-height:1.1\"><strong><em>INDALMARKT<\/em> <\/strong>is a company dedicated to the online sale of a wide range of products.<\/h2>\n\n\n\n<div style=\"height:100px\" aria-hidden=\"true\" class=\"wp-block-spacer\"><\/div>\n\n\n\n<div class=\"wp-block-media-text alignwide is-stacked-on-mobile\" style=\"grid-template-columns:34% auto\"><figure class=\"wp-block-media-text__media\"><img decoding=\"async\" width=\"512\" height=\"512\" src=\"https:\/\/www.indalmarkt.de\/wp-content\/uploads\/2023\/11\/imagotipo_512x512.png\" alt=\"\" class=\"wp-image-81 size-full\" srcset=\"https:\/\/www.indalmarkt.de\/wp-content\/uploads\/2023\/11\/imagotipo_512x512.png 512w, https:\/\/www.indalmarkt.de\/wp-content\/uploads\/2023\/11\/imagotipo_512x512-300x300.png 300w, https:\/\/www.indalmarkt.de\/wp-content\/uploads\/2023\/11\/imagotipo_512x512-150x150.png 150w\" sizes=\"(max-width: 512px) 100vw, 512px\" \/><\/figure><div class=\"wp-block-media-text__content\">\n<p>Here you will find a large selection of items at <strong>attractive prices and top quality<\/strong>. In order to guarantee you the highest product quality, we only offer branded products from well-known manufacturers with the best price-performance ratio.<\/p>\n\n\n\n<p>We make it easy for you to get what you need, when you need it. <strong>Convenient shopping from home<\/strong>.<\/p>\n\n\n\n<p>We want our customers to be completely satisfied. That's why we put all our knowledge and the best products at your disposal to provide you with <strong>outstanding service and customer care<\/strong>.<\/p>\n<\/div><\/div>\n\n\n\n<div style=\"height:50px\" aria-hidden=\"true\" class=\"wp-block-spacer\"><\/div>","protected":false},"excerpt":{"rendered":"<p>INDALMARKT ist ein Unternehmen, das sich dem Online-Verkauf einer gro\u00dfen Auswahl von Produkten widmet. Bei uns finden Sie eine gro\u00dfe Auswahl an Artikeln zu attraktiven Preisen und bester Qualit\u00e4t. Um Ihnen h\u00f6chste Produktqualit\u00e4t zu garantieren, bieten wir Ihnen nur Markenprodukte namhafter Hersteller mit dem besten Preis-Leistungs-Verh\u00e4ltnis an. Wir machen es Ihnen leicht, das zu bekommen,&hellip; <a class=\"more-link\" href=\"https:\/\/www.indalmarkt.de\/en\/\">Continue reading <span class=\"screen-reader-text\">Home<\/span><\/a><\/p>","protected":false},"author":1,"featured_media":0,"parent":0,"menu_order":0,"comment_status":"closed","ping_status":"closed","template":"","meta":{"footnotes":""},"class_list":["post-11","page","type-page","status-publish","hentry","entry"],"yoast_head":"<!-- This site is optimized with the Yoast SEO plugin v27.4 - https:\/\/yoast.com\/product\/yoast-seo-wordpress\/ -->\n<title>Home - Indalmarkt GmbH<\/title>\n<meta name=\"description\" content=\"INDALMARKT ist ein Unternehmen, das sich dem Online-Verkauf einer gro\u00dfen Auswahl von Produkten widmet.\" \/>\n<meta name=\"robots\" content=\"index, follow, max-snippet:-1, max-image-preview:large, max-video-preview:-1\" \/>\n<link rel=\"canonical\" href=\"https:\/\/www.indalmarkt.de\/en\/\" \/>\n<meta property=\"og:locale\" content=\"en_GB\" \/>\n<meta property=\"og:type\" content=\"article\" \/>\n<meta property=\"og:title\" content=\"Home - Indalmarkt GmbH\" \/>\n<meta property=\"og:description\" content=\"INDALMARKT ist ein Unternehmen, das sich dem Online-Verkauf einer gro\u00dfen Auswahl von Produkten widmet.\" \/>\n<meta property=\"og:url\" content=\"https:\/\/www.indalmarkt.de\/en\/\" \/>\n<meta property=\"og:site_name\" content=\"Indalmarkt GmbH\" \/>\n<meta property=\"article:publisher\" content=\"https:\/\/www.facebook.com\/profile.php?id=61553101902160\" \/>\n<meta property=\"article:modified_time\" content=\"2023-11-08T12:51:49+00:00\" \/>\n<meta property=\"og:image\" content=\"https:\/\/www.indalmarkt.de\/wp-content\/uploads\/2023\/11\/bg_indalmark_02-scaled.jpg\" \/>\n<meta name=\"twitter:card\" content=\"summary_large_image\" \/>\n<meta name=\"twitter:label1\" content=\"Estimated reading time\" \/>\n\t<meta name=\"twitter:data1\" content=\"1 minute\" \/>\n<script type=\"application\/ld+json\" class=\"yoast-schema-graph\">{\"@context\":\"https:\\\/\\\/schema.org\",\"@graph\":[{\"@type\":\"WebPage\",\"@id\":\"https:\\\/\\\/www.indalmarkt.de\\\/\",\"url\":\"https:\\\/\\\/www.indalmarkt.de\\\/\",\"name\":\"Home - Indalmarkt GmbH\",\"isPartOf\":{\"@id\":\"https:\\\/\\\/www.indalmarkt.de\\\/#website\"},\"primaryImageOfPage\":{\"@id\":\"https:\\\/\\\/www.indalmarkt.de\\\/#primaryimage\"},\"image\":{\"@id\":\"https:\\\/\\\/www.indalmarkt.de\\\/#primaryimage\"},\"thumbnailUrl\":\"https:\\\/\\\/www.indalmarkt.de\\\/wp-content\\\/uploads\\\/2023\\\/11\\\/bg_indalmark_02-scaled.jpg\",\"datePublished\":\"2023-11-06T10:10:57+00:00\",\"dateModified\":\"2023-11-08T12:51:49+00:00\",\"description\":\"INDALMARKT ist ein Unternehmen, das sich dem Online-Verkauf einer gro\u00dfen Auswahl von Produkten widmet.\",\"breadcrumb\":{\"@id\":\"https:\\\/\\\/www.indalmarkt.de\\\/#breadcrumb\"},\"inLanguage\":\"en-GB\",\"potentialAction\":[{\"@type\":\"ReadAction\",\"target\":[\"https:\\\/\\\/www.indalmarkt.de\\\/\"]}]},{\"@type\":\"ImageObject\",\"inLanguage\":\"en-GB\",\"@id\":\"https:\\\/\\\/www.indalmarkt.de\\\/#primaryimage\",\"url\":\"https:\\\/\\\/www.indalmarkt.de\\\/wp-content\\\/uploads\\\/2023\\\/11\\\/bg_indalmark_02-scaled.jpg\",\"contentUrl\":\"https:\\\/\\\/www.indalmarkt.de\\\/wp-content\\\/uploads\\\/2023\\\/11\\\/bg_indalmark_02-scaled.jpg\"},{\"@type\":\"BreadcrumbList\",\"@id\":\"https:\\\/\\\/www.indalmarkt.de\\\/#breadcrumb\",\"itemListElement\":[{\"@type\":\"ListItem\",\"position\":1,\"name\":\"Home\",\"item\":\"https:\\\/\\\/www.indalmarkt.de\\\/\"},{\"@type\":\"ListItem\",\"position\":2,\"name\":\"Home\"}]},{\"@type\":\"WebSite\",\"@id\":\"https:\\\/\\\/www.indalmarkt.de\\\/#website\",\"url\":\"https:\\\/\\\/www.indalmarkt.de\\\/\",\"name\":\"Indalmarkt\",\"description\":\"\",\"publisher\":{\"@id\":\"https:\\\/\\\/www.indalmarkt.de\\\/#organization\"},\"potentialAction\":[{\"@type\":\"SearchAction\",\"target\":{\"@type\":\"EntryPoint\",\"urlTemplate\":\"https:\\\/\\\/www.indalmarkt.de\\\/?s={search_term_string}\"},\"query-input\":{\"@type\":\"PropertyValueSpecification\",\"valueRequired\":true,\"valueName\":\"search_term_string\"}}],\"inLanguage\":\"en-GB\"},{\"@type\":\"Organization\",\"@id\":\"https:\\\/\\\/www.indalmarkt.de\\\/#organization\",\"name\":\"Indalmarkt\",\"url\":\"https:\\\/\\\/www.indalmarkt.de\\\/\",\"logo\":{\"@type\":\"ImageObject\",\"inLanguage\":\"en-GB\",\"@id\":\"https:\\\/\\\/www.indalmarkt.de\\\/#\\\/schema\\\/logo\\\/image\\\/\",\"url\":\"https:\\\/\\\/www.indalmarkt.de\\\/wp-content\\\/uploads\\\/2023\\\/11\\\/logotipo_orig_425x40.png\",\"contentUrl\":\"https:\\\/\\\/www.indalmarkt.de\\\/wp-content\\\/uploads\\\/2023\\\/11\\\/logotipo_orig_425x40.png\",\"width\":425,\"height\":40,\"caption\":\"Indalmarkt\"},\"image\":{\"@id\":\"https:\\\/\\\/www.indalmarkt.de\\\/#\\\/schema\\\/logo\\\/image\\\/\"},\"sameAs\":[\"https:\\\/\\\/www.facebook.com\\\/profile.php?id=61553101902160\",\"https:\\\/\\\/www.linkedin.com\\\/company\\\/indalmarkt\\\/\"]}]}<\/script>\n<!-- \/ Yoast SEO plugin. -->","yoast_head_json":{"title":"Home - Indalmarkt GmbH","description":"INDALMARKT ist ein Unternehmen, das sich dem Online-Verkauf einer gro\u00dfen Auswahl von Produkten widmet.","robots":{"index":"index","follow":"follow","max-snippet":"max-snippet:-1","max-image-preview":"max-image-preview:large","max-video-preview":"max-video-preview:-1"},"canonical":"https:\/\/www.indalmarkt.de\/en\/","og_locale":"en_GB","og_type":"article","og_title":"Home - Indalmarkt GmbH","og_description":"INDALMARKT ist ein Unternehmen, das sich dem Online-Verkauf einer gro\u00dfen Auswahl von Produkten widmet.","og_url":"https:\/\/www.indalmarkt.de\/en\/","og_site_name":"Indalmarkt GmbH","article_publisher":"https:\/\/www.facebook.com\/profile.php?id=61553101902160","article_modified_time":"2023-11-08T12:51:49+00:00","og_image":[{"url":"https:\/\/www.indalmarkt.de\/wp-content\/uploads\/2023\/11\/bg_indalmark_02-scaled.jpg","type":"","width":"","height":""}],"twitter_card":"summary_large_image","twitter_misc":{"Estimated reading time":"1 minute"},"schema":{"@context":"https:\/\/schema.org","@graph":[{"@type":"WebPage","@id":"https:\/\/www.indalmarkt.de\/","url":"https:\/\/www.indalmarkt.de\/","name":"Home - Indalmarkt GmbH","isPartOf":{"@id":"https:\/\/www.indalmarkt.de\/#website"},"primaryImageOfPage":{"@id":"https:\/\/www.indalmarkt.de\/#primaryimage"},"image":{"@id":"https:\/\/www.indalmarkt.de\/#primaryimage"},"thumbnailUrl":"https:\/\/www.indalmarkt.de\/wp-content\/uploads\/2023\/11\/bg_indalmark_02-scaled.jpg","datePublished":"2023-11-06T10:10:57+00:00","dateModified":"2023-11-08T12:51:49+00:00","description":"INDALMARKT ist ein Unternehmen, das sich dem Online-Verkauf einer gro\u00dfen Auswahl von Produkten widmet.","breadcrumb":{"@id":"https:\/\/www.indalmarkt.de\/#breadcrumb"},"inLanguage":"en-GB","potentialAction":[{"@type":"ReadAction","target":["https:\/\/www.indalmarkt.de\/"]}]},{"@type":"ImageObject","inLanguage":"en-GB","@id":"https:\/\/www.indalmarkt.de\/#primaryimage","url":"https:\/\/www.indalmarkt.de\/wp-content\/uploads\/2023\/11\/bg_indalmark_02-scaled.jpg","contentUrl":"https:\/\/www.indalmarkt.de\/wp-content\/uploads\/2023\/11\/bg_indalmark_02-scaled.jpg"},{"@type":"BreadcrumbList","@id":"https:\/\/www.indalmarkt.de\/#breadcrumb","itemListElement":[{"@type":"ListItem","position":1,"name":"Home","item":"https:\/\/www.indalmarkt.de\/"},{"@type":"ListItem","position":2,"name":"Home"}]},{"@type":"WebSite","@id":"https:\/\/www.indalmarkt.de\/#website","url":"https:\/\/www.indalmarkt.de\/","name":"Indalmarkt","description":"","publisher":{"@id":"https:\/\/www.indalmarkt.de\/#organization"},"potentialAction":[{"@type":"SearchAction","target":{"@type":"EntryPoint","urlTemplate":"https:\/\/www.indalmarkt.de\/?s={search_term_string}"},"query-input":{"@type":"PropertyValueSpecification","valueRequired":true,"valueName":"search_term_string"}}],"inLanguage":"en-GB"},{"@type":"Organization","@id":"https:\/\/www.indalmarkt.de\/#organization","name":"Indalmarkt","url":"https:\/\/www.indalmarkt.de\/","logo":{"@type":"ImageObject","inLanguage":"en-GB","@id":"https:\/\/www.indalmarkt.de\/#\/schema\/logo\/image\/","url":"https:\/\/www.indalmarkt.de\/wp-content\/uploads\/2023\/11\/logotipo_orig_425x40.png","contentUrl":"https:\/\/www.indalmarkt.de\/wp-content\/uploads\/2023\/11\/logotipo_orig_425x40.png","width":425,"height":40,"caption":"Indalmarkt"},"image":{"@id":"https:\/\/www.indalmarkt.de\/#\/schema\/logo\/image\/"},"sameAs":["https:\/\/www.facebook.com\/profile.php?id=61553101902160","https:\/\/www.linkedin.com\/company\/indalmarkt\/"]}]}},"_links":{"self":[{"href":"https:\/\/www.indalmarkt.de\/en\/wp-json\/wp\/v2\/pages\/11","targetHints":{"allow":["GET"]}}],"collection":[{"href":"https:\/\/www.indalmarkt.de\/en\/wp-json\/wp\/v2\/pages"}],"about":[{"href":"https:\/\/www.indalmarkt.de\/en\/wp-json\/wp\/v2\/types\/page"}],"author":[{"embeddable":true,"href":"https:\/\/www.indalmarkt.de\/en\/wp-json\/wp\/v2\/users\/1"}],"replies":[{"embeddable":true,"href":"https:\/\/www.indalmarkt.de\/en\/wp-json\/wp\/v2\/comments?post=11"}],"version-history":[{"count":43,"href":"https:\/\/www.indalmarkt.de\/en\/wp-json\/wp\/v2\/pages\/11\/revisions"}],"predecessor-version":[{"id":107,"href":"https:\/\/www.indalmarkt.de\/en\/wp-json\/wp\/v2\/pages\/11\/revisions\/107"}],"wp:attachment":[{"href":"https:\/\/www.indalmarkt.de\/en\/wp-json\/wp\/v2\/media?parent=11"}],"curies":[{"name":"wp","href":"https:\/\/api.w.org\/{rel}","templated":true}]}}