{"id":12,"date":"2023-11-06T11:10:57","date_gmt":"2023-11-06T10:10:57","guid":{"rendered":"https:\/\/www.indalmarkt.de\/?page_id=12"},"modified":"2023-11-08T13:50:56","modified_gmt":"2023-11-08T12:50:56","slug":"uber-uns","status":"publish","type":"page","link":"https:\/\/www.indalmarkt.de\/en\/uber-uns\/","title":{"rendered":"About us"},"content":{"rendered":"<h2 class=\"wp-block-heading alignwide\"><strong><em>INDALMARKT<\/em> <\/strong>is a company dedicated to the online sale of a wide range of products.<\/h2>\n\n\n\n<div style=\"height:56px\" aria-hidden=\"true\" class=\"wp-block-spacer\"><\/div>\n\n\n\n<div class=\"wp-block-columns alignwide are-vertically-aligned-top is-layout-flex wp-container-core-columns-is-layout-9d6595d7 wp-block-columns-is-layout-flex\">\n<div class=\"wp-block-column is-vertically-aligned-top is-layout-flow wp-block-column-is-layout-flow\">\n<h3 class=\"wp-block-heading\">Mission<\/h3>\n\n\n\n<p>We want to provide an efficient and high-quality service that offers our customers convenience and security.<\/p>\n<\/div>\n\n\n\n<div class=\"wp-block-column is-vertically-aligned-top is-layout-flow wp-block-column-is-layout-flow\">\n<h3 class=\"wp-block-heading\">Vision<\/h3>\n\n\n\n<p>We want to become a reference company for online sales with an exceptional quality\/price ratio.<\/p>\n<\/div>\n\n\n\n<div class=\"wp-block-column is-vertically-aligned-top is-layout-flow wp-block-column-is-layout-flow\">\n<h3 class=\"wp-block-heading\">Values<\/h3>\n\n\n\n<p>The quality of our service is based on: Convenience, honesty, reliability ...<\/p>\n<\/div>\n<\/div>","protected":false},"excerpt":{"rendered":"<p>INDALMARKT ist ein Unternehmen, das sich dem Online-Verkauf einer gro\u00dfen Auswahl von Produkten widmet. Mission Wir wollen einen effizienten und qualitativ hochwertigen Service bieten, der unseren Kunden Komfort und Sicherheit bietet. Vision Wir wollen ein Referenzunternehmen f\u00fcr den Online-Verkauf mit einem au\u00dfergew\u00f6hnlichen Qualit\u00e4ts-\/Preisverh\u00e4ltnis werden. Werte Die Qualit\u00e4t unserer Dienstleistung basiert auf: Bequemlichkeit, Ehrlichkeit, Zuverl\u00e4ssigkeit &#8230;<\/p>","protected":false},"author":1,"featured_media":0,"parent":0,"menu_order":0,"comment_status":"closed","ping_status":"closed","template":"","meta":{"footnotes":""},"class_list":["post-12","page","type-page","status-publish","hentry","entry"],"yoast_head":"<!-- This site is optimized with the Yoast SEO plugin v27.4 - https:\/\/yoast.com\/product\/yoast-seo-wordpress\/ -->\n<title>\u00dcber uns - Indalmarkt GmbH<\/title>\n<meta name=\"robots\" content=\"index, follow, max-snippet:-1, max-image-preview:large, max-video-preview:-1\" \/>\n<link rel=\"canonical\" href=\"https:\/\/www.indalmarkt.de\/en\/uber-uns\/\" \/>\n<meta property=\"og:locale\" content=\"en_GB\" \/>\n<meta property=\"og:type\" content=\"article\" \/>\n<meta property=\"og:title\" content=\"\u00dcber uns - Indalmarkt GmbH\" \/>\n<meta property=\"og:description\" content=\"INDALMARKT ist ein Unternehmen, das sich dem Online-Verkauf einer gro\u00dfen Auswahl von Produkten widmet. Mission Wir wollen einen effizienten und qualitativ hochwertigen Service bieten, der unseren Kunden Komfort und Sicherheit bietet. Vision Wir wollen ein Referenzunternehmen f\u00fcr den Online-Verkauf mit einem au\u00dfergew\u00f6hnlichen Qualit\u00e4ts-\/Preisverh\u00e4ltnis werden. Werte Die Qualit\u00e4t unserer Dienstleistung basiert auf: Bequemlichkeit, Ehrlichkeit, Zuverl\u00e4ssigkeit &#8230;\" \/>\n<meta property=\"og:url\" content=\"https:\/\/www.indalmarkt.de\/en\/uber-uns\/\" \/>\n<meta property=\"og:site_name\" content=\"Indalmarkt GmbH\" \/>\n<meta property=\"article:publisher\" content=\"https:\/\/www.facebook.com\/profile.php?id=61553101902160\" \/>\n<meta property=\"article:modified_time\" content=\"2023-11-08T12:50:56+00:00\" \/>\n<meta name=\"twitter:card\" content=\"summary_large_image\" \/>\n<meta name=\"twitter:label1\" content=\"Estimated reading time\" \/>\n\t<meta name=\"twitter:data1\" content=\"1 minute\" \/>\n<script type=\"application\/ld+json\" class=\"yoast-schema-graph\">{\"@context\":\"https:\\\/\\\/schema.org\",\"@graph\":[{\"@type\":\"WebPage\",\"@id\":\"https:\\\/\\\/www.indalmarkt.de\\\/uber-uns\\\/\",\"url\":\"https:\\\/\\\/www.indalmarkt.de\\\/uber-uns\\\/\",\"name\":\"\u00dcber uns - Indalmarkt GmbH\",\"isPartOf\":{\"@id\":\"https:\\\/\\\/www.indalmarkt.de\\\/#website\"},\"datePublished\":\"2023-11-06T10:10:57+00:00\",\"dateModified\":\"2023-11-08T12:50:56+00:00\",\"breadcrumb\":{\"@id\":\"https:\\\/\\\/www.indalmarkt.de\\\/uber-uns\\\/#breadcrumb\"},\"inLanguage\":\"en-GB\",\"potentialAction\":[{\"@type\":\"ReadAction\",\"target\":[\"https:\\\/\\\/www.indalmarkt.de\\\/uber-uns\\\/\"]}]},{\"@type\":\"BreadcrumbList\",\"@id\":\"https:\\\/\\\/www.indalmarkt.de\\\/uber-uns\\\/#breadcrumb\",\"itemListElement\":[{\"@type\":\"ListItem\",\"position\":1,\"name\":\"Home\",\"item\":\"https:\\\/\\\/www.indalmarkt.de\\\/\"},{\"@type\":\"ListItem\",\"position\":2,\"name\":\"\u00dcber uns\"}]},{\"@type\":\"WebSite\",\"@id\":\"https:\\\/\\\/www.indalmarkt.de\\\/#website\",\"url\":\"https:\\\/\\\/www.indalmarkt.de\\\/\",\"name\":\"Indalmarkt\",\"description\":\"\",\"publisher\":{\"@id\":\"https:\\\/\\\/www.indalmarkt.de\\\/#organization\"},\"potentialAction\":[{\"@type\":\"SearchAction\",\"target\":{\"@type\":\"EntryPoint\",\"urlTemplate\":\"https:\\\/\\\/www.indalmarkt.de\\\/?s={search_term_string}\"},\"query-input\":{\"@type\":\"PropertyValueSpecification\",\"valueRequired\":true,\"valueName\":\"search_term_string\"}}],\"inLanguage\":\"en-GB\"},{\"@type\":\"Organization\",\"@id\":\"https:\\\/\\\/www.indalmarkt.de\\\/#organization\",\"name\":\"Indalmarkt\",\"url\":\"https:\\\/\\\/www.indalmarkt.de\\\/\",\"logo\":{\"@type\":\"ImageObject\",\"inLanguage\":\"en-GB\",\"@id\":\"https:\\\/\\\/www.indalmarkt.de\\\/#\\\/schema\\\/logo\\\/image\\\/\",\"url\":\"https:\\\/\\\/www.indalmarkt.de\\\/wp-content\\\/uploads\\\/2023\\\/11\\\/logotipo_orig_425x40.png\",\"contentUrl\":\"https:\\\/\\\/www.indalmarkt.de\\\/wp-content\\\/uploads\\\/2023\\\/11\\\/logotipo_orig_425x40.png\",\"width\":425,\"height\":40,\"caption\":\"Indalmarkt\"},\"image\":{\"@id\":\"https:\\\/\\\/www.indalmarkt.de\\\/#\\\/schema\\\/logo\\\/image\\\/\"},\"sameAs\":[\"https:\\\/\\\/www.facebook.com\\\/profile.php?id=61553101902160\",\"https:\\\/\\\/www.linkedin.com\\\/company\\\/indalmarkt\\\/\"]}]}<\/script>\n<!-- \/ Yoast SEO plugin. -->","yoast_head_json":{"title":"\u00dcber uns - Indalmarkt GmbH","robots":{"index":"index","follow":"follow","max-snippet":"max-snippet:-1","max-image-preview":"max-image-preview:large","max-video-preview":"max-video-preview:-1"},"canonical":"https:\/\/www.indalmarkt.de\/en\/uber-uns\/","og_locale":"en_GB","og_type":"article","og_title":"\u00dcber uns - Indalmarkt GmbH","og_description":"INDALMARKT ist ein Unternehmen, das sich dem Online-Verkauf einer gro\u00dfen Auswahl von Produkten widmet. Mission Wir wollen einen effizienten und qualitativ hochwertigen Service bieten, der unseren Kunden Komfort und Sicherheit bietet. Vision Wir wollen ein Referenzunternehmen f\u00fcr den Online-Verkauf mit einem au\u00dfergew\u00f6hnlichen Qualit\u00e4ts-\/Preisverh\u00e4ltnis werden. Werte Die Qualit\u00e4t unserer Dienstleistung basiert auf: Bequemlichkeit, Ehrlichkeit, Zuverl\u00e4ssigkeit &#8230;","og_url":"https:\/\/www.indalmarkt.de\/en\/uber-uns\/","og_site_name":"Indalmarkt GmbH","article_publisher":"https:\/\/www.facebook.com\/profile.php?id=61553101902160","article_modified_time":"2023-11-08T12:50:56+00:00","twitter_card":"summary_large_image","twitter_misc":{"Estimated reading time":"1 minute"},"schema":{"@context":"https:\/\/schema.org","@graph":[{"@type":"WebPage","@id":"https:\/\/www.indalmarkt.de\/uber-uns\/","url":"https:\/\/www.indalmarkt.de\/uber-uns\/","name":"\u00dcber uns - Indalmarkt GmbH","isPartOf":{"@id":"https:\/\/www.indalmarkt.de\/#website"},"datePublished":"2023-11-06T10:10:57+00:00","dateModified":"2023-11-08T12:50:56+00:00","breadcrumb":{"@id":"https:\/\/www.indalmarkt.de\/uber-uns\/#breadcrumb"},"inLanguage":"en-GB","potentialAction":[{"@type":"ReadAction","target":["https:\/\/www.indalmarkt.de\/uber-uns\/"]}]},{"@type":"BreadcrumbList","@id":"https:\/\/www.indalmarkt.de\/uber-uns\/#breadcrumb","itemListElement":[{"@type":"ListItem","position":1,"name":"Home","item":"https:\/\/www.indalmarkt.de\/"},{"@type":"ListItem","position":2,"name":"\u00dcber uns"}]},{"@type":"WebSite","@id":"https:\/\/www.indalmarkt.de\/#website","url":"https:\/\/www.indalmarkt.de\/","name":"Indalmarkt","description":"","publisher":{"@id":"https:\/\/www.indalmarkt.de\/#organization"},"potentialAction":[{"@type":"SearchAction","target":{"@type":"EntryPoint","urlTemplate":"https:\/\/www.indalmarkt.de\/?s={search_term_string}"},"query-input":{"@type":"PropertyValueSpecification","valueRequired":true,"valueName":"search_term_string"}}],"inLanguage":"en-GB"},{"@type":"Organization","@id":"https:\/\/www.indalmarkt.de\/#organization","name":"Indalmarkt","url":"https:\/\/www.indalmarkt.de\/","logo":{"@type":"ImageObject","inLanguage":"en-GB","@id":"https:\/\/www.indalmarkt.de\/#\/schema\/logo\/image\/","url":"https:\/\/www.indalmarkt.de\/wp-content\/uploads\/2023\/11\/logotipo_orig_425x40.png","contentUrl":"https:\/\/www.indalmarkt.de\/wp-content\/uploads\/2023\/11\/logotipo_orig_425x40.png","width":425,"height":40,"caption":"Indalmarkt"},"image":{"@id":"https:\/\/www.indalmarkt.de\/#\/schema\/logo\/image\/"},"sameAs":["https:\/\/www.facebook.com\/profile.php?id=61553101902160","https:\/\/www.linkedin.com\/company\/indalmarkt\/"]}]}},"_links":{"self":[{"href":"https:\/\/www.indalmarkt.de\/en\/wp-json\/wp\/v2\/pages\/12","targetHints":{"allow":["GET"]}}],"collection":[{"href":"https:\/\/www.indalmarkt.de\/en\/wp-json\/wp\/v2\/pages"}],"about":[{"href":"https:\/\/www.indalmarkt.de\/en\/wp-json\/wp\/v2\/types\/page"}],"author":[{"embeddable":true,"href":"https:\/\/www.indalmarkt.de\/en\/wp-json\/wp\/v2\/users\/1"}],"replies":[{"embeddable":true,"href":"https:\/\/www.indalmarkt.de\/en\/wp-json\/wp\/v2\/comments?post=12"}],"version-history":[{"count":5,"href":"https:\/\/www.indalmarkt.de\/en\/wp-json\/wp\/v2\/pages\/12\/revisions"}],"predecessor-version":[{"id":106,"href":"https:\/\/www.indalmarkt.de\/en\/wp-json\/wp\/v2\/pages\/12\/revisions\/106"}],"wp:attachment":[{"href":"https:\/\/www.indalmarkt.de\/en\/wp-json\/wp\/v2\/media?parent=12"}],"curies":[{"name":"wp","href":"https:\/\/api.w.org\/{rel}","templated":true}]}}