{"id":156,"date":"2023-11-09T12:11:57","date_gmt":"2023-11-09T11:11:57","guid":{"rendered":"https:\/\/www.indalmarkt.de\/?page_id=156"},"modified":"2023-11-10T12:21:13","modified_gmt":"2023-11-10T11:21:13","slug":"entsorgungs-und-umweltbestimmungen","status":"publish","type":"page","link":"https:\/\/www.indalmarkt.de\/en\/entsorgungs-und-umweltbestimmungen\/","title":{"rendered":"Disposal and environmental regulations"},"content":{"rendered":"<div class=\"wp-block-columns alignwide is-layout-flex wp-container-core-columns-is-layout-9d6595d7 wp-block-columns-is-layout-flex\">\n<div class=\"wp-block-column is-layout-flow wp-block-column-is-layout-flow\">\n<h2 class=\"wp-block-heading\">NOTES ON DISPOSAL<\/h2>\n\n\n\n<h3 class=\"wp-block-heading\">Information on electrical and electronic (old) appliances<\/h3>\n\n\n\n<p>The Electrical and Electronic Equipment Act (ElektroG) contains a large number of requirements for the handling of electrical and electronic equipment. The most important ones are summarised here.<\/p>\n\n\n\n<h4 class=\"wp-block-heading\">1. Separate collection of old appliances<\/h4>\n\n\n\n<p>Electrical and electronic appliances that have become waste are referred to as old appliances. Owners of old appliances must dispose of them separately from unsorted municipal waste. In particular, old appliances do not belong in household waste, but in special collection and return systems.<\/p>\n\n\n\n<h4 class=\"wp-block-heading\">2. Batteries and rechargeable batteries<\/h4>\n\n\n\n<p>As a rule, owners of old appliances must separate used batteries and accumulators that are not enclosed by the old appliance before handing them in at a collection point.<\/p>\n\n\n\n<h4 class=\"wp-block-heading\">3. Options for returning old appliances<\/h4>\n\n\n\n<p>Owners of old appliances from private households can hand them in at the collection points of the public waste disposal authorities or at the take-back centres set up by manufacturers or distributors in accordance with the ElektroG. You can find an online list of collection and take-back centres here:<\/p>\n\n\n\n<p><a href=\"https:\/\/www.ear-system.de\/ear-verzeichnis\/sammel-und-ruecknahmestellen.jsf\">https:\/\/www.ear-system.de\/ear-verzeichnis\/sammel-und-ruecknahmestellen.jsf<\/a><\/p>\n\n\n\n<h4 class=\"wp-block-heading\">4. Data protection notice<\/h4>\n\n\n\n<p>Old devices often contain sensitive personal data. This applies in particular to information and telecommunications technology devices such as computers and smartphones. In your own interest, please note that each end user is responsible for deleting the data on the old devices to be disposed of.<\/p>\n\n\n\n<h4 class=\"wp-block-heading\">5. Meaning of the \"crossed-out wheelie bin\" symbol<\/h4>\n\n\n\n<p>The symbol of a crossed-out dustbin regularly shown on electrical and electronic appliances indicates that the appliance in question must be collected separately from unsorted municipal waste at the end of its service life.<\/p>\n\n\n\n<h4 class=\"wp-block-heading\">6. Note on our WEEE registration number<\/h4>\n\n\n\n<p>We are registered with the Stiftung Elektro-Altger\u00e4te Register as a manufacturer of electrical and\/or electronic equipment under the following registration number (WEEE Reg. No. DE): DE 14730824<\/p>\n\n\n\n<h3 class=\"wp-block-heading\">Important information on battery disposal<\/h3>\n\n\n\n<p>In connection with the sale of batteries or the delivery of devices containing batteries, we are obliged to draw your attention to the following:<\/p>\n\n\n\n<p>As the end user, you are legally obliged to return used batteries. You can return used batteries that we stock or have stocked as new batteries free of charge to our dispatch warehouse (dispatch address). The symbols shown on the batteries have the following meaning:<\/p>\n\n\n\n<p>The crossed-out dustbin symbol means that the battery must not be disposed of with household waste.<\/p>\n\n\n\n<p>You can use the clearly recognisable symbols to identify whether the batteries\/rechargeable batteries contain harmful substances.\u00a0<\/p>\n\n\n\n<ul class=\"wp-block-list\">\n<li>Hg: Battery contains more than 0.0005 per cent mercury by mass<\/li>\n\n\n\n<li>Cd: Battery contains more than 0.002 per cent cadmium by mass<\/li>\n\n\n\n<li>Pb: Battery contains more than 0.004 per cent lead by mass<\/li>\n<\/ul>\n\n\n\n<p>Please follow the instructions above.<\/p>\n\n\n\n<p>We are registered with the Stiftung Elektro Altger\u00e4te (ear Foundation) under the following registration number 50259446.<\/p>\n<\/div>\n<\/div>","protected":false},"excerpt":{"rendered":"<p>HINWEISE ZUR ENTSORGUNG Informationen zu Elektro- und Elektronik(alt)ger\u00e4ten Das Elektro- und Elektronikger\u00e4tegesetz (ElektroG) enth\u00e4lt eine Vielzahl von Anforderungen an den Umgang mit Elektro- und Elektronikger\u00e4ten. Die wichtigsten sind hier zusammengestellt. 1. Getrennte Erfassung von Altger\u00e4ten Elektro- und Elektronikger\u00e4te, die zu Abfall geworden sind, werden als Altger\u00e4te bezeichnet. Besitzer von Altger\u00e4ten haben diese einer vom unsortierten&hellip; <a class=\"more-link\" href=\"https:\/\/www.indalmarkt.de\/en\/entsorgungs-und-umweltbestimmungen\/\">Continue reading <span class=\"screen-reader-text\">Disposal and environmental regulations<\/span><\/a><\/p>","protected":false},"author":1,"featured_media":0,"parent":0,"menu_order":0,"comment_status":"closed","ping_status":"closed","template":"","meta":{"footnotes":""},"class_list":["post-156","page","type-page","status-publish","hentry","entry"],"yoast_head":"<!-- This site is optimized with the Yoast SEO plugin v27.4 - https:\/\/yoast.com\/product\/yoast-seo-wordpress\/ -->\n<title>Entsorgungs- und Umweltbestimmungen - Indalmarkt GmbH<\/title>\n<meta name=\"robots\" content=\"index, follow, max-snippet:-1, max-image-preview:large, max-video-preview:-1\" \/>\n<link rel=\"canonical\" href=\"https:\/\/www.indalmarkt.de\/en\/entsorgungs-und-umweltbestimmungen\/\" \/>\n<meta property=\"og:locale\" content=\"en_GB\" \/>\n<meta property=\"og:type\" content=\"article\" \/>\n<meta property=\"og:title\" content=\"Entsorgungs- und Umweltbestimmungen - Indalmarkt GmbH\" \/>\n<meta property=\"og:description\" content=\"HINWEISE ZUR ENTSORGUNG Informationen zu Elektro- und Elektronik(alt)ger\u00e4ten Das Elektro- und Elektronikger\u00e4tegesetz (ElektroG) enth\u00e4lt eine Vielzahl von Anforderungen an den Umgang mit Elektro- und Elektronikger\u00e4ten. Die wichtigsten sind hier zusammengestellt. 1. Getrennte Erfassung von Altger\u00e4ten Elektro- und Elektronikger\u00e4te, die zu Abfall geworden sind, werden als Altger\u00e4te bezeichnet. Besitzer von Altger\u00e4ten haben diese einer vom unsortierten&hellip; Continue reading Entsorgungs- und Umweltbestimmungen\" \/>\n<meta property=\"og:url\" content=\"https:\/\/www.indalmarkt.de\/en\/entsorgungs-und-umweltbestimmungen\/\" \/>\n<meta property=\"og:site_name\" content=\"Indalmarkt GmbH\" \/>\n<meta property=\"article:publisher\" content=\"https:\/\/www.facebook.com\/profile.php?id=61553101902160\" \/>\n<meta property=\"article:modified_time\" content=\"2023-11-10T11:21:13+00:00\" \/>\n<meta name=\"twitter:card\" content=\"summary_large_image\" \/>\n<meta name=\"twitter:label1\" content=\"Estimated reading time\" \/>\n\t<meta name=\"twitter:data1\" content=\"3 minutes\" \/>\n<script type=\"application\/ld+json\" class=\"yoast-schema-graph\">{\"@context\":\"https:\\\/\\\/schema.org\",\"@graph\":[{\"@type\":\"WebPage\",\"@id\":\"https:\\\/\\\/www.indalmarkt.de\\\/entsorgungs-und-umweltbestimmungen\\\/\",\"url\":\"https:\\\/\\\/www.indalmarkt.de\\\/entsorgungs-und-umweltbestimmungen\\\/\",\"name\":\"Entsorgungs- und Umweltbestimmungen - Indalmarkt GmbH\",\"isPartOf\":{\"@id\":\"https:\\\/\\\/www.indalmarkt.de\\\/#website\"},\"datePublished\":\"2023-11-09T11:11:57+00:00\",\"dateModified\":\"2023-11-10T11:21:13+00:00\",\"breadcrumb\":{\"@id\":\"https:\\\/\\\/www.indalmarkt.de\\\/entsorgungs-und-umweltbestimmungen\\\/#breadcrumb\"},\"inLanguage\":\"en-GB\",\"potentialAction\":[{\"@type\":\"ReadAction\",\"target\":[\"https:\\\/\\\/www.indalmarkt.de\\\/entsorgungs-und-umweltbestimmungen\\\/\"]}]},{\"@type\":\"BreadcrumbList\",\"@id\":\"https:\\\/\\\/www.indalmarkt.de\\\/entsorgungs-und-umweltbestimmungen\\\/#breadcrumb\",\"itemListElement\":[{\"@type\":\"ListItem\",\"position\":1,\"name\":\"Home\",\"item\":\"https:\\\/\\\/www.indalmarkt.de\\\/\"},{\"@type\":\"ListItem\",\"position\":2,\"name\":\"Entsorgungs- und Umweltbestimmungen\"}]},{\"@type\":\"WebSite\",\"@id\":\"https:\\\/\\\/www.indalmarkt.de\\\/#website\",\"url\":\"https:\\\/\\\/www.indalmarkt.de\\\/\",\"name\":\"Indalmarkt\",\"description\":\"\",\"publisher\":{\"@id\":\"https:\\\/\\\/www.indalmarkt.de\\\/#organization\"},\"potentialAction\":[{\"@type\":\"SearchAction\",\"target\":{\"@type\":\"EntryPoint\",\"urlTemplate\":\"https:\\\/\\\/www.indalmarkt.de\\\/?s={search_term_string}\"},\"query-input\":{\"@type\":\"PropertyValueSpecification\",\"valueRequired\":true,\"valueName\":\"search_term_string\"}}],\"inLanguage\":\"en-GB\"},{\"@type\":\"Organization\",\"@id\":\"https:\\\/\\\/www.indalmarkt.de\\\/#organization\",\"name\":\"Indalmarkt\",\"url\":\"https:\\\/\\\/www.indalmarkt.de\\\/\",\"logo\":{\"@type\":\"ImageObject\",\"inLanguage\":\"en-GB\",\"@id\":\"https:\\\/\\\/www.indalmarkt.de\\\/#\\\/schema\\\/logo\\\/image\\\/\",\"url\":\"https:\\\/\\\/www.indalmarkt.de\\\/wp-content\\\/uploads\\\/2023\\\/11\\\/logotipo_orig_425x40.png\",\"contentUrl\":\"https:\\\/\\\/www.indalmarkt.de\\\/wp-content\\\/uploads\\\/2023\\\/11\\\/logotipo_orig_425x40.png\",\"width\":425,\"height\":40,\"caption\":\"Indalmarkt\"},\"image\":{\"@id\":\"https:\\\/\\\/www.indalmarkt.de\\\/#\\\/schema\\\/logo\\\/image\\\/\"},\"sameAs\":[\"https:\\\/\\\/www.facebook.com\\\/profile.php?id=61553101902160\",\"https:\\\/\\\/www.linkedin.com\\\/company\\\/indalmarkt\\\/\"]}]}<\/script>\n<!-- \/ Yoast SEO plugin. -->","yoast_head_json":{"title":"Entsorgungs- und Umweltbestimmungen - Indalmarkt GmbH","robots":{"index":"index","follow":"follow","max-snippet":"max-snippet:-1","max-image-preview":"max-image-preview:large","max-video-preview":"max-video-preview:-1"},"canonical":"https:\/\/www.indalmarkt.de\/en\/entsorgungs-und-umweltbestimmungen\/","og_locale":"en_GB","og_type":"article","og_title":"Entsorgungs- und Umweltbestimmungen - Indalmarkt GmbH","og_description":"HINWEISE ZUR ENTSORGUNG Informationen zu Elektro- und Elektronik(alt)ger\u00e4ten Das Elektro- und Elektronikger\u00e4tegesetz (ElektroG) enth\u00e4lt eine Vielzahl von Anforderungen an den Umgang mit Elektro- und Elektronikger\u00e4ten. Die wichtigsten sind hier zusammengestellt. 1. Getrennte Erfassung von Altger\u00e4ten Elektro- und Elektronikger\u00e4te, die zu Abfall geworden sind, werden als Altger\u00e4te bezeichnet. Besitzer von Altger\u00e4ten haben diese einer vom unsortierten&hellip; Continue reading Entsorgungs- und Umweltbestimmungen","og_url":"https:\/\/www.indalmarkt.de\/en\/entsorgungs-und-umweltbestimmungen\/","og_site_name":"Indalmarkt GmbH","article_publisher":"https:\/\/www.facebook.com\/profile.php?id=61553101902160","article_modified_time":"2023-11-10T11:21:13+00:00","twitter_card":"summary_large_image","twitter_misc":{"Estimated reading time":"3 minutes"},"schema":{"@context":"https:\/\/schema.org","@graph":[{"@type":"WebPage","@id":"https:\/\/www.indalmarkt.de\/entsorgungs-und-umweltbestimmungen\/","url":"https:\/\/www.indalmarkt.de\/entsorgungs-und-umweltbestimmungen\/","name":"Entsorgungs- und Umweltbestimmungen - Indalmarkt GmbH","isPartOf":{"@id":"https:\/\/www.indalmarkt.de\/#website"},"datePublished":"2023-11-09T11:11:57+00:00","dateModified":"2023-11-10T11:21:13+00:00","breadcrumb":{"@id":"https:\/\/www.indalmarkt.de\/entsorgungs-und-umweltbestimmungen\/#breadcrumb"},"inLanguage":"en-GB","potentialAction":[{"@type":"ReadAction","target":["https:\/\/www.indalmarkt.de\/entsorgungs-und-umweltbestimmungen\/"]}]},{"@type":"BreadcrumbList","@id":"https:\/\/www.indalmarkt.de\/entsorgungs-und-umweltbestimmungen\/#breadcrumb","itemListElement":[{"@type":"ListItem","position":1,"name":"Home","item":"https:\/\/www.indalmarkt.de\/"},{"@type":"ListItem","position":2,"name":"Entsorgungs- und Umweltbestimmungen"}]},{"@type":"WebSite","@id":"https:\/\/www.indalmarkt.de\/#website","url":"https:\/\/www.indalmarkt.de\/","name":"Indalmarkt","description":"","publisher":{"@id":"https:\/\/www.indalmarkt.de\/#organization"},"potentialAction":[{"@type":"SearchAction","target":{"@type":"EntryPoint","urlTemplate":"https:\/\/www.indalmarkt.de\/?s={search_term_string}"},"query-input":{"@type":"PropertyValueSpecification","valueRequired":true,"valueName":"search_term_string"}}],"inLanguage":"en-GB"},{"@type":"Organization","@id":"https:\/\/www.indalmarkt.de\/#organization","name":"Indalmarkt","url":"https:\/\/www.indalmarkt.de\/","logo":{"@type":"ImageObject","inLanguage":"en-GB","@id":"https:\/\/www.indalmarkt.de\/#\/schema\/logo\/image\/","url":"https:\/\/www.indalmarkt.de\/wp-content\/uploads\/2023\/11\/logotipo_orig_425x40.png","contentUrl":"https:\/\/www.indalmarkt.de\/wp-content\/uploads\/2023\/11\/logotipo_orig_425x40.png","width":425,"height":40,"caption":"Indalmarkt"},"image":{"@id":"https:\/\/www.indalmarkt.de\/#\/schema\/logo\/image\/"},"sameAs":["https:\/\/www.facebook.com\/profile.php?id=61553101902160","https:\/\/www.linkedin.com\/company\/indalmarkt\/"]}]}},"_links":{"self":[{"href":"https:\/\/www.indalmarkt.de\/en\/wp-json\/wp\/v2\/pages\/156","targetHints":{"allow":["GET"]}}],"collection":[{"href":"https:\/\/www.indalmarkt.de\/en\/wp-json\/wp\/v2\/pages"}],"about":[{"href":"https:\/\/www.indalmarkt.de\/en\/wp-json\/wp\/v2\/types\/page"}],"author":[{"embeddable":true,"href":"https:\/\/www.indalmarkt.de\/en\/wp-json\/wp\/v2\/users\/1"}],"replies":[{"embeddable":true,"href":"https:\/\/www.indalmarkt.de\/en\/wp-json\/wp\/v2\/comments?post=156"}],"version-history":[{"count":3,"href":"https:\/\/www.indalmarkt.de\/en\/wp-json\/wp\/v2\/pages\/156\/revisions"}],"predecessor-version":[{"id":172,"href":"https:\/\/www.indalmarkt.de\/en\/wp-json\/wp\/v2\/pages\/156\/revisions\/172"}],"wp:attachment":[{"href":"https:\/\/www.indalmarkt.de\/en\/wp-json\/wp\/v2\/media?parent=156"}],"curies":[{"name":"wp","href":"https:\/\/api.w.org\/{rel}","templated":true}]}}