{"id":2,"date":"2023-11-06T10:12:24","date_gmt":"2023-11-06T10:12:24","guid":{"rendered":"https:\/\/www.indalmarkt.de\/?page_id=2"},"modified":"2023-11-08T12:01:57","modified_gmt":"2023-11-08T11:01:57","slug":"impressum","status":"publish","type":"page","link":"https:\/\/www.indalmarkt.de\/en\/impressum\/","title":{"rendered":"Legal Details"},"content":{"rendered":"<p>Owner\/operator of this website - Legal provider identification:<\/p>\n\n\n\n<h2 class=\"wp-block-heading\"><strong>Indalmarkt GmbH<\/strong><\/h2>\n\n\n\n<p>represented by the managing director Jos\u00e9 Gabriel Bayo Garc\u00eda<br><em>Friedrichstr. 95<br>DE-10117 Berlin | Deutschland\u00a0<\/em><\/p>\n\n\n\n<p><strong>Telephone<\/strong>: \u00a0+49 30 22 90 89 80<br><strong>E-Mail<\/strong>: <a href=\"mailto:hallo@indalmarkt.de\">hallo@indalmarkt.d<\/a><a href=\"mailto:hallo@indalmarkt.de\" target=\"_blank\" rel=\"noreferrer noopener\">e<\/a><br><strong>Website<\/strong>: www.indalmarkt.de<\/p>\n\n\n\n<p><strong>USt-ID-Nr.<\/strong>: DE 355868822<br><strong>Steuer-Nr.<\/strong>: 30 358 52306<\/p>\n\n\n\n<p>Registered in the commercial register of the Charlottenburg district court<br><strong>Commercial register number<\/strong>: HRB 242272<\/p>","protected":false},"excerpt":{"rendered":"<p>Inhaber\/Betreiber dieser Webseite &#8211; Gesetzliche Anbieterkennung: Indalmarkt GmbH diese vertreten durch den Gesch\u00e4ftsf\u00fchrer Jos\u00e9 Gabriel Bayo Garc\u00edaFriedrichstr. 95DE-10117 Berlin | Deutschland\u00a0 Telefon: \u00a0+49 30 22 90 89 80E-Mail: hallo@indalmarkt.deWebsite: www.indalmarkt.de USt-ID-Nr.: DE 355868822Steuer-Nr.: 30 358 52306 Eingetragen im Handelsregister des Amtsgerichtes CharlottenburgHandelsregisternummer: HRB 242272<\/p>","protected":false},"author":1,"featured_media":0,"parent":0,"menu_order":0,"comment_status":"closed","ping_status":"open","template":"","meta":{"footnotes":""},"class_list":["post-2","page","type-page","status-publish","hentry","entry"],"yoast_head":"<!-- This site is optimized with the Yoast SEO plugin v27.4 - https:\/\/yoast.com\/product\/yoast-seo-wordpress\/ -->\n<title>Impressum - Indalmarkt GmbH<\/title>\n<meta name=\"description\" content=\"Indalmarkt GmbH, Friedrichstr. 95 DE-10117 Berlin | Deutschland. Telefon: +49 30 22 90 89 80E-Mail: hallo@indalmarkt.de\" \/>\n<meta name=\"robots\" content=\"index, follow, max-snippet:-1, max-image-preview:large, max-video-preview:-1\" \/>\n<link rel=\"canonical\" href=\"https:\/\/www.indalmarkt.de\/en\/impressum\/\" \/>\n<meta property=\"og:locale\" content=\"en_GB\" \/>\n<meta property=\"og:type\" content=\"article\" \/>\n<meta property=\"og:title\" content=\"Impressum - Indalmarkt GmbH\" \/>\n<meta property=\"og:description\" content=\"Indalmarkt GmbH, Friedrichstr. 95 DE-10117 Berlin | Deutschland. Telefon: +49 30 22 90 89 80E-Mail: hallo@indalmarkt.de\" \/>\n<meta property=\"og:url\" content=\"https:\/\/www.indalmarkt.de\/en\/impressum\/\" \/>\n<meta property=\"og:site_name\" content=\"Indalmarkt GmbH\" \/>\n<meta property=\"article:publisher\" content=\"https:\/\/www.facebook.com\/profile.php?id=61553101902160\" \/>\n<meta property=\"article:modified_time\" content=\"2023-11-08T11:01:57+00:00\" \/>\n<meta name=\"twitter:card\" content=\"summary_large_image\" \/>\n<meta name=\"twitter:label1\" content=\"Estimated reading time\" \/>\n\t<meta name=\"twitter:data1\" content=\"1 minute\" \/>\n<script type=\"application\/ld+json\" class=\"yoast-schema-graph\">{\"@context\":\"https:\\\/\\\/schema.org\",\"@graph\":[{\"@type\":\"WebPage\",\"@id\":\"https:\\\/\\\/www.indalmarkt.de\\\/impressum\\\/\",\"url\":\"https:\\\/\\\/www.indalmarkt.de\\\/impressum\\\/\",\"name\":\"Impressum - Indalmarkt GmbH\",\"isPartOf\":{\"@id\":\"https:\\\/\\\/www.indalmarkt.de\\\/#website\"},\"datePublished\":\"2023-11-06T10:12:24+00:00\",\"dateModified\":\"2023-11-08T11:01:57+00:00\",\"description\":\"Indalmarkt GmbH, Friedrichstr. 95 DE-10117 Berlin | Deutschland. Telefon: +49 30 22 90 89 80E-Mail: hallo@indalmarkt.de\",\"breadcrumb\":{\"@id\":\"https:\\\/\\\/www.indalmarkt.de\\\/impressum\\\/#breadcrumb\"},\"inLanguage\":\"en-GB\",\"potentialAction\":[{\"@type\":\"ReadAction\",\"target\":[\"https:\\\/\\\/www.indalmarkt.de\\\/impressum\\\/\"]}]},{\"@type\":\"BreadcrumbList\",\"@id\":\"https:\\\/\\\/www.indalmarkt.de\\\/impressum\\\/#breadcrumb\",\"itemListElement\":[{\"@type\":\"ListItem\",\"position\":1,\"name\":\"Home\",\"item\":\"https:\\\/\\\/www.indalmarkt.de\\\/\"},{\"@type\":\"ListItem\",\"position\":2,\"name\":\"Impressum\"}]},{\"@type\":\"WebSite\",\"@id\":\"https:\\\/\\\/www.indalmarkt.de\\\/#website\",\"url\":\"https:\\\/\\\/www.indalmarkt.de\\\/\",\"name\":\"Indalmarkt\",\"description\":\"\",\"publisher\":{\"@id\":\"https:\\\/\\\/www.indalmarkt.de\\\/#organization\"},\"potentialAction\":[{\"@type\":\"SearchAction\",\"target\":{\"@type\":\"EntryPoint\",\"urlTemplate\":\"https:\\\/\\\/www.indalmarkt.de\\\/?s={search_term_string}\"},\"query-input\":{\"@type\":\"PropertyValueSpecification\",\"valueRequired\":true,\"valueName\":\"search_term_string\"}}],\"inLanguage\":\"en-GB\"},{\"@type\":\"Organization\",\"@id\":\"https:\\\/\\\/www.indalmarkt.de\\\/#organization\",\"name\":\"Indalmarkt\",\"url\":\"https:\\\/\\\/www.indalmarkt.de\\\/\",\"logo\":{\"@type\":\"ImageObject\",\"inLanguage\":\"en-GB\",\"@id\":\"https:\\\/\\\/www.indalmarkt.de\\\/#\\\/schema\\\/logo\\\/image\\\/\",\"url\":\"https:\\\/\\\/www.indalmarkt.de\\\/wp-content\\\/uploads\\\/2023\\\/11\\\/logotipo_orig_425x40.png\",\"contentUrl\":\"https:\\\/\\\/www.indalmarkt.de\\\/wp-content\\\/uploads\\\/2023\\\/11\\\/logotipo_orig_425x40.png\",\"width\":425,\"height\":40,\"caption\":\"Indalmarkt\"},\"image\":{\"@id\":\"https:\\\/\\\/www.indalmarkt.de\\\/#\\\/schema\\\/logo\\\/image\\\/\"},\"sameAs\":[\"https:\\\/\\\/www.facebook.com\\\/profile.php?id=61553101902160\",\"https:\\\/\\\/www.linkedin.com\\\/company\\\/indalmarkt\\\/\"]}]}<\/script>\n<!-- \/ Yoast SEO plugin. -->","yoast_head_json":{"title":"Impressum - Indalmarkt GmbH","description":"Indalmarkt GmbH, Friedrichstr. 95 DE-10117 Berlin | Deutschland. Telefon: +49 30 22 90 89 80E-Mail: hallo@indalmarkt.de","robots":{"index":"index","follow":"follow","max-snippet":"max-snippet:-1","max-image-preview":"max-image-preview:large","max-video-preview":"max-video-preview:-1"},"canonical":"https:\/\/www.indalmarkt.de\/en\/impressum\/","og_locale":"en_GB","og_type":"article","og_title":"Impressum - Indalmarkt GmbH","og_description":"Indalmarkt GmbH, Friedrichstr. 95 DE-10117 Berlin | Deutschland. Telefon: +49 30 22 90 89 80E-Mail: hallo@indalmarkt.de","og_url":"https:\/\/www.indalmarkt.de\/en\/impressum\/","og_site_name":"Indalmarkt GmbH","article_publisher":"https:\/\/www.facebook.com\/profile.php?id=61553101902160","article_modified_time":"2023-11-08T11:01:57+00:00","twitter_card":"summary_large_image","twitter_misc":{"Estimated reading time":"1 minute"},"schema":{"@context":"https:\/\/schema.org","@graph":[{"@type":"WebPage","@id":"https:\/\/www.indalmarkt.de\/impressum\/","url":"https:\/\/www.indalmarkt.de\/impressum\/","name":"Impressum - Indalmarkt GmbH","isPartOf":{"@id":"https:\/\/www.indalmarkt.de\/#website"},"datePublished":"2023-11-06T10:12:24+00:00","dateModified":"2023-11-08T11:01:57+00:00","description":"Indalmarkt GmbH, Friedrichstr. 95 DE-10117 Berlin | Deutschland. Telefon: +49 30 22 90 89 80E-Mail: hallo@indalmarkt.de","breadcrumb":{"@id":"https:\/\/www.indalmarkt.de\/impressum\/#breadcrumb"},"inLanguage":"en-GB","potentialAction":[{"@type":"ReadAction","target":["https:\/\/www.indalmarkt.de\/impressum\/"]}]},{"@type":"BreadcrumbList","@id":"https:\/\/www.indalmarkt.de\/impressum\/#breadcrumb","itemListElement":[{"@type":"ListItem","position":1,"name":"Home","item":"https:\/\/www.indalmarkt.de\/"},{"@type":"ListItem","position":2,"name":"Impressum"}]},{"@type":"WebSite","@id":"https:\/\/www.indalmarkt.de\/#website","url":"https:\/\/www.indalmarkt.de\/","name":"Indalmarkt","description":"","publisher":{"@id":"https:\/\/www.indalmarkt.de\/#organization"},"potentialAction":[{"@type":"SearchAction","target":{"@type":"EntryPoint","urlTemplate":"https:\/\/www.indalmarkt.de\/?s={search_term_string}"},"query-input":{"@type":"PropertyValueSpecification","valueRequired":true,"valueName":"search_term_string"}}],"inLanguage":"en-GB"},{"@type":"Organization","@id":"https:\/\/www.indalmarkt.de\/#organization","name":"Indalmarkt","url":"https:\/\/www.indalmarkt.de\/","logo":{"@type":"ImageObject","inLanguage":"en-GB","@id":"https:\/\/www.indalmarkt.de\/#\/schema\/logo\/image\/","url":"https:\/\/www.indalmarkt.de\/wp-content\/uploads\/2023\/11\/logotipo_orig_425x40.png","contentUrl":"https:\/\/www.indalmarkt.de\/wp-content\/uploads\/2023\/11\/logotipo_orig_425x40.png","width":425,"height":40,"caption":"Indalmarkt"},"image":{"@id":"https:\/\/www.indalmarkt.de\/#\/schema\/logo\/image\/"},"sameAs":["https:\/\/www.facebook.com\/profile.php?id=61553101902160","https:\/\/www.linkedin.com\/company\/indalmarkt\/"]}]}},"_links":{"self":[{"href":"https:\/\/www.indalmarkt.de\/en\/wp-json\/wp\/v2\/pages\/2","targetHints":{"allow":["GET"]}}],"collection":[{"href":"https:\/\/www.indalmarkt.de\/en\/wp-json\/wp\/v2\/pages"}],"about":[{"href":"https:\/\/www.indalmarkt.de\/en\/wp-json\/wp\/v2\/types\/page"}],"author":[{"embeddable":true,"href":"https:\/\/www.indalmarkt.de\/en\/wp-json\/wp\/v2\/users\/1"}],"replies":[{"embeddable":true,"href":"https:\/\/www.indalmarkt.de\/en\/wp-json\/wp\/v2\/comments?post=2"}],"version-history":[{"count":1,"href":"https:\/\/www.indalmarkt.de\/en\/wp-json\/wp\/v2\/pages\/2\/revisions"}],"predecessor-version":[{"id":101,"href":"https:\/\/www.indalmarkt.de\/en\/wp-json\/wp\/v2\/pages\/2\/revisions\/101"}],"wp:attachment":[{"href":"https:\/\/www.indalmarkt.de\/en\/wp-json\/wp\/v2\/media?parent=2"}],"curies":[{"name":"wp","href":"https:\/\/api.w.org\/{rel}","templated":true}]}}